{"id":4,"date":"2022-08-29T11:55:06","date_gmt":"2022-08-29T16:55:06","guid":{"rendered":"https:\/\/twistedpearlensemble.com\/home-2\/"},"modified":"2026-04-26T11:53:51","modified_gmt":"2026-04-26T15:53:51","slug":"home-2","status":"publish","type":"page","link":"https:\/\/twistedpearlensemble.com\/en\/","title":{"rendered":"accueil"},"content":{"rendered":"<div class=\"wp-block-group alignfull is-layout-flow wp-container-core-group-is-layout-322f5075 wp-block-group-is-layout-flow\">\n<div class=\"wp-block-group alignfull has-black-color has-text-color has-14-px-font-size is-layout-constrained wp-block-group-is-layout-constrained\" style=\"border-style:none;border-width:0px;margin-top:0px;margin-bottom:0px\">\n<div class=\"wp-block-query alignfull is-layout-flow wp-block-query-is-layout-flow\"><ul class=\"aligncenter wp-block-post-template is-layout-flow wp-block-post-template-is-layout-flow\"><li class=\"wp-block-post post-449 post type-post status-publish format-standard hentry category-uncategorized\">\n\n<div class=\"wp-block-cover alignfull is-light wp-duotone-unset-1\" style=\"min-height:91vw;aspect-ratio:unset;\"><img data-recalc-dims=\"1\" alt=\"\" loading=\"lazy\" decoding=\"async\" width=\"2000\" height=\"1125\" data-attachment-id=\"1030\" data-permalink=\"https:\/\/twistedpearlensemble.com\/en\/img_7349-1\/\" data-orig-file=\"https:\/\/i0.wp.com\/twistedpearlensemble.com\/wp-content\/uploads\/2024\/06\/img_7349-1.jpg?fit=2000%2C1125&amp;ssl=1\" data-orig-size=\"2000,1125\" data-comments-opened=\"1\" data-image-meta=\"{&quot;aperture&quot;:&quot;4.4&quot;,&quot;credit&quot;:&quot;&quot;,&quot;camera&quot;:&quot;DMC-G7&quot;,&quot;caption&quot;:&quot;&quot;,&quot;created_timestamp&quot;:&quot;1719426923&quot;,&quot;copyright&quot;:&quot;&quot;,&quot;focal_length&quot;:&quot;20&quot;,&quot;iso&quot;:&quot;320&quot;,&quot;shutter_speed&quot;:&quot;0.016666666666667&quot;,&quot;title&quot;:&quot;&quot;,&quot;orientation&quot;:&quot;1&quot;}\" data-image-title=\"img_7349-1\" data-image-description=\"\" data-image-caption=\"\" data-large-file=\"https:\/\/i0.wp.com\/twistedpearlensemble.com\/wp-content\/uploads\/2024\/06\/img_7349-1.jpg?fit=1024%2C576&amp;ssl=1\" class=\"wp-block-cover__image-background wp-image-1030\" src=\"https:\/\/i0.wp.com\/twistedpearlensemble.com\/wp-content\/uploads\/2024\/06\/img_7349-1.jpg?resize=2000%2C1125&#038;ssl=1\" style=\"object-position:52% 50%\" data-object-fit=\"cover\" data-object-position=\"52% 50%\"\/><span aria-hidden=\"true\" class=\"wp-block-cover__background has-background-background-color has-background-dim-0 has-background-dim\"><\/span><div class=\"wp-block-cover__inner-container is-layout-flow wp-block-cover-is-layout-flow\">\n<p class=\"wp-block-paragraph\"><\/p>\n\n\n\n<p class=\"wp-block-paragraph\"><\/p>\n<\/div><\/div>\n\n<\/li><\/ul><\/div>\n<\/div>\n\n\n\n<div class=\"wp-block-group alignfull has-black-color has-text-color has-background has-14-px-font-size is-layout-constrained wp-block-group-is-layout-constrained\" style=\"border-style:none;border-width:0px;background-color:#fbf6f9;padding-top:80px;padding-bottom:80px\">\n<h2 class=\"wp-block-heading has-text-align-center has-raleway-font-family has-large-font-size\">OLD MUSIC MADE NEW!<\/h2>\n\n\n\n<p class=\"has-text-align-center has-sora-font-family wp-block-paragraph\" style=\"font-size:clamp(14px, 0.875rem + ((1vw - 3.2px) * 0.882), 20px);\">we think music is for everyone, and that it breaks down barriers and unites us in community. through both historical music and new pieces, we blur the lines of time and space so that you can join us, for a moment, in a journey home to the very source of our humanity.<\/p>\n\n\n\n<div class=\"wp-block-columns is-layout-flex wp-container-core-columns-is-layout-1a9244c7 wp-block-columns-is-layout-flex\">\n<div class=\"wp-block-column is-layout-flow wp-block-column-is-layout-flow\" style=\"flex-basis:100%\">\n<h2 class=\"wp-block-heading has-text-align-center has-text-color has-link-color wp-elements-df41558b2129f51596bb0498bc9ef172\" style=\"color:#bd962c;font-size:clamp(0.984rem, 0.984rem + ((1vw - 0.2rem) * 1.214), 1.5rem);\"><strong>montr\u00e9al\/tiohti\u00e1:ke<\/strong> <strong>|<\/strong> <strong>chicago<\/strong><\/h2>\n<\/div>\n<\/div>\n\n\n\n<div class=\"wp-block-spacer\" style=\"height: 20px;\" aria-hidden=\"true\">&nbsp;<\/div>\n\n\n\n<div class=\"wp-block-columns alignwide is-layout-flex wp-container-core-columns-is-layout-1a9244c7 wp-block-columns-is-layout-flex\">\n<div class=\"wp-block-column is-layout-flow wp-block-column-is-layout-flow\">\n<div class=\"wp-block-cover is-light has-custom-content-position is-position-bottom-center\" style=\"min-height:250px;aspect-ratio:unset;\"><img data-recalc-dims=\"1\" alt=\"\" loading=\"lazy\" decoding=\"async\" width=\"4032\" height=\"3024\" data-attachment-id=\"42\" data-permalink=\"https:\/\/twistedpearlensemble.com\/en\/img_0215\/\" data-orig-file=\"https:\/\/i0.wp.com\/twistedpearlensemble.com\/wp-content\/uploads\/2022\/08\/img_0215.jpg?fit=4032%2C3024&amp;ssl=1\" data-orig-size=\"4032,3024\" data-comments-opened=\"1\" data-image-meta=\"{&quot;aperture&quot;:&quot;1.6&quot;,&quot;credit&quot;:&quot;&quot;,&quot;camera&quot;:&quot;iPhone 13&quot;,&quot;caption&quot;:&quot;&quot;,&quot;created_timestamp&quot;:&quot;1652102661&quot;,&quot;copyright&quot;:&quot;&quot;,&quot;focal_length&quot;:&quot;5.1&quot;,&quot;iso&quot;:&quot;50&quot;,&quot;shutter_speed&quot;:&quot;0.00065104166666667&quot;,&quot;title&quot;:&quot;&quot;,&quot;orientation&quot;:&quot;1&quot;}\" data-image-title=\"img_0215\" data-image-description=\"\" data-image-caption=\"\" data-large-file=\"https:\/\/i0.wp.com\/twistedpearlensemble.com\/wp-content\/uploads\/2022\/08\/img_0215.jpg?fit=1024%2C768&amp;ssl=1\" class=\"wp-block-cover__image-background wp-image-42\" src=\"https:\/\/i0.wp.com\/twistedpearlensemble.com\/wp-content\/uploads\/2022\/08\/img_0215.jpg?resize=4032%2C3024&#038;ssl=1\" data-object-fit=\"cover\"\/><span aria-hidden=\"true\" class=\"wp-block-cover__background has-background-dim-20 has-background-dim\" style=\"background-color:#ffc6c6\"><\/span><div class=\"wp-block-cover__inner-container is-layout-flow wp-block-cover-is-layout-flow\">\n<h2 class=\"wp-block-heading has-text-align-center has-background has-link-color wp-elements-0681f9e5a5ac8bd2d33dcefa8529edc8\" style=\"background-color:#ffffffc7;font-size:clamp(14px, 0.875rem + ((1vw - 3.2px) * 0.588), 18px);font-style:normal;font-weight:400\"><a href=\"https:\/\/twistedpearlensemble.com\/en\/devenez-mecene\/\"><strong>BECOME A PATRON<\/strong><\/a><\/h2>\n<\/div><\/div>\n<\/div>\n\n\n\n<div class=\"wp-block-column is-layout-flow wp-block-column-is-layout-flow\">\n<div class=\"wp-block-cover is-light has-custom-content-position is-position-bottom-center\" style=\"min-height:250px;aspect-ratio:unset;\"><img data-recalc-dims=\"1\" alt=\"\" loading=\"lazy\" decoding=\"async\" width=\"1024\" height=\"768\" data-attachment-id=\"2950\" data-permalink=\"https:\/\/twistedpearlensemble.com\/en\/img_0423\/\" data-orig-file=\"https:\/\/i0.wp.com\/twistedpearlensemble.com\/wp-content\/uploads\/2026\/02\/img_0423.jpg?fit=2000%2C1500&amp;ssl=1\" data-orig-size=\"2000,1500\" data-comments-opened=\"1\" data-image-meta=\"{&quot;aperture&quot;:&quot;1.6&quot;,&quot;credit&quot;:&quot;&quot;,&quot;camera&quot;:&quot;iPhone 13&quot;,&quot;caption&quot;:&quot;&quot;,&quot;created_timestamp&quot;:&quot;1652107013&quot;,&quot;copyright&quot;:&quot;&quot;,&quot;focal_length&quot;:&quot;5.1&quot;,&quot;iso&quot;:&quot;50&quot;,&quot;shutter_speed&quot;:&quot;0.00016199578810951&quot;,&quot;title&quot;:&quot;&quot;,&quot;orientation&quot;:&quot;1&quot;}\" data-image-title=\"img_0423\" data-image-description=\"\" data-image-caption=\"\" data-large-file=\"https:\/\/i0.wp.com\/twistedpearlensemble.com\/wp-content\/uploads\/2026\/02\/img_0423.jpg?fit=1024%2C768&amp;ssl=1\" class=\"wp-block-cover__image-background wp-image-2950 size-large\" src=\"https:\/\/i0.wp.com\/twistedpearlensemble.com\/wp-content\/uploads\/2026\/02\/img_0423.jpg?resize=1024%2C768&#038;ssl=1\" data-object-fit=\"cover\" srcset=\"https:\/\/i0.wp.com\/twistedpearlensemble.com\/wp-content\/uploads\/2026\/02\/img_0423.jpg?resize=1024%2C768&amp;ssl=1 1024w, https:\/\/i0.wp.com\/twistedpearlensemble.com\/wp-content\/uploads\/2026\/02\/img_0423.jpg?resize=300%2C225&amp;ssl=1 300w, https:\/\/i0.wp.com\/twistedpearlensemble.com\/wp-content\/uploads\/2026\/02\/img_0423.jpg?resize=768%2C576&amp;ssl=1 768w, https:\/\/i0.wp.com\/twistedpearlensemble.com\/wp-content\/uploads\/2026\/02\/img_0423.jpg?resize=1536%2C1152&amp;ssl=1 1536w, https:\/\/i0.wp.com\/twistedpearlensemble.com\/wp-content\/uploads\/2026\/02\/img_0423.jpg?resize=16%2C12&amp;ssl=1 16w, https:\/\/i0.wp.com\/twistedpearlensemble.com\/wp-content\/uploads\/2026\/02\/img_0423.jpg?w=2000&amp;ssl=1 2000w\" sizes=\"auto, (max-width: 1000px) 100vw, 1000px\" \/><span aria-hidden=\"true\" class=\"wp-block-cover__background has-background-dim-20 has-background-dim\" style=\"background-color:#ffc6c6\"><\/span><div class=\"wp-block-cover__inner-container is-layout-flow wp-block-cover-is-layout-flow\">\n<h2 class=\"wp-block-heading has-text-align-center has-foreground-color has-text-color has-background has-link-color wp-elements-d2a802d08866e83461f67dd05f9d83fa\" style=\"background-color:#ffffffc7;font-size:clamp(14px, 0.875rem + ((1vw - 3.2px) * 0.588), 18px);font-style:normal;font-weight:400\"><a href=\"https:\/\/twistedpearlensemble.com\/en\/saison-2026-au-fil-des-generations\/\" data-type=\"page\" data-id=\"2763\"><strong>2026 SEASON<\/strong><\/a><\/h2>\n<\/div><\/div>\n<\/div>\n\n\n\n<div class=\"wp-block-column is-layout-flow wp-block-column-is-layout-flow\">\n<div class=\"wp-block-cover is-light has-custom-content-position is-position-bottom-center\" style=\"border-top-left-radius:0px;border-top-right-radius:0px;border-bottom-left-radius:0px;border-bottom-right-radius:0px;min-height:250px;aspect-ratio:unset;\"><img data-recalc-dims=\"1\" alt=\"\" loading=\"lazy\" decoding=\"async\" width=\"1125\" height=\"2002\" data-attachment-id=\"38\" data-permalink=\"https:\/\/twistedpearlensemble.com\/en\/img_8497\/\" data-orig-file=\"https:\/\/i0.wp.com\/twistedpearlensemble.com\/wp-content\/uploads\/2022\/08\/img_8497.jpg?fit=1125%2C2002&amp;ssl=1\" data-orig-size=\"1125,2002\" data-comments-opened=\"1\" data-image-meta=\"{&quot;aperture&quot;:&quot;0&quot;,&quot;credit&quot;:&quot;&quot;,&quot;camera&quot;:&quot;&quot;,&quot;caption&quot;:&quot;&quot;,&quot;created_timestamp&quot;:&quot;0&quot;,&quot;copyright&quot;:&quot;&quot;,&quot;focal_length&quot;:&quot;0&quot;,&quot;iso&quot;:&quot;0&quot;,&quot;shutter_speed&quot;:&quot;0&quot;,&quot;title&quot;:&quot;&quot;,&quot;orientation&quot;:&quot;1&quot;}\" data-image-title=\"img_8497\" data-image-description=\"\" data-image-caption=\"\" data-large-file=\"https:\/\/i0.wp.com\/twistedpearlensemble.com\/wp-content\/uploads\/2022\/08\/img_8497.jpg?fit=575%2C1024&amp;ssl=1\" class=\"wp-block-cover__image-background wp-image-38\" src=\"https:\/\/i0.wp.com\/twistedpearlensemble.com\/wp-content\/uploads\/2022\/08\/img_8497.jpg?resize=1125%2C2002&#038;ssl=1\" style=\"object-position:50% 68%\" data-object-fit=\"cover\" data-object-position=\"50% 68%\"\/><span aria-hidden=\"true\" class=\"wp-block-cover__background has-background-dim-20 has-background-dim\" style=\"background-color:#ffc6c6\"><\/span><div class=\"wp-block-cover__inner-container is-layout-flow wp-block-cover-is-layout-flow\">\n<h2 class=\"wp-block-heading has-text-align-center has-background has-link-color wp-elements-055e449203e22c8182d7a6a3f4b6dd83\" style=\"background-color:#ffffffc7;font-size:clamp(14px, 0.875rem + ((1vw - 3.2px) * 0.588), 18px);font-style:normal;font-weight:400\"><a href=\"https:\/\/twistedpearlensemble.com\/en\/media\/\"><strong>media<\/strong><\/a><\/h2>\n<\/div><\/div>\n<\/div>\n<\/div>\n<\/div>\n\n\n\n<div class=\"wp-block-group alignfull has-14-px-font-size is-layout-constrained wp-block-group-is-layout-constrained\" style=\"border-style:none;border-width:0px;padding-top:100px;padding-bottom:100px\">\n<h2 class=\"wp-block-heading has-text-align-center alignwide has-large-font-size\">STAY IN TOUCH!<\/h2>\n\n\n\n<p class=\"has-text-align-center wp-block-paragraph\">subscribe to our email list for news, updates, special offers, and insider information on our concerts.<\/p>\n\n\n<div class=\"wp-block-jetpack-subscriptions__supports-newline is-style-compact wp-block-jetpack-subscriptions\">\n\t\t<div>\n\t\t\t<div>\n\t\t\t\t<div>\n\t\t\t\t\t<p >\n\t\t\t\t\t\t<a href=\"https:\/\/twistedpearlensemble.com\/en\/?post_type=page&#038;p=4\" style=\"font-size: 14px;padding: 15px 23px 15px 23px;margin: 0; margin-left: 10px;border-color: black;border-radius: 50px;border-width: 1px; background-color: #000000; color: #FFFFFF; text-decoration: none; white-space: nowrap; margin-left: 0\"><strong>S&rsquo;ABONNER<\/strong><\/a>\n\t\t\t\t\t<\/p>\n\t\t\t\t<\/div>\n\t\t\t<\/div>\n\t\t<\/div>\n\t<\/div>\n\n\n<p class=\"wp-block-paragraph\"><\/p>\n<\/div>\n<\/div>","protected":false},"excerpt":{"rendered":"<p>De la vieille musique rEMISe \u00c0 NEUf ! on pense que la musique est pour tout le monde, qu&rsquo;elle brise les barri\u00e8res et nous uni en communaut\u00e9. entre la musique du pass\u00e9 et les \u0153uvres nouvelles, on brouille les fronti\u00e8res du temps et de l\u2019espace pour que vous puissiez vous joindre \u00e0 nous, un moment, [&hellip;]<\/p>\n","protected":false},"author":225458699,"featured_media":1030,"parent":0,"menu_order":0,"comment_status":"closed","ping_status":"closed","template":"header-footer-only","meta":{"_seopress_robots_primary_cat":"","_seopress_titles_title":"","_seopress_titles_desc":"","_seopress_robots_index":"","_seopress_analysis_target_kw":"","_crdt_document":"","footnotes":""},"class_list":["post-4","page","type-page","status-publish","has-post-thumbnail","hentry"],"jetpack_likes_enabled":true,"jetpack_sharing_enabled":false,"jetpack_shortlink":"https:\/\/wp.me\/Pedx6P-4","jetpack-related-posts":[],"_links":{"self":[{"href":"https:\/\/twistedpearlensemble.com\/en\/wp-json\/wp\/v2\/pages\/4","targetHints":{"allow":["GET"]}}],"collection":[{"href":"https:\/\/twistedpearlensemble.com\/en\/wp-json\/wp\/v2\/pages"}],"about":[{"href":"https:\/\/twistedpearlensemble.com\/en\/wp-json\/wp\/v2\/types\/page"}],"author":[{"embeddable":true,"href":"https:\/\/twistedpearlensemble.com\/en\/wp-json\/wp\/v2\/users\/225458699"}],"replies":[{"embeddable":true,"href":"https:\/\/twistedpearlensemble.com\/en\/wp-json\/wp\/v2\/comments?post=4"}],"version-history":[{"count":54,"href":"https:\/\/twistedpearlensemble.com\/en\/wp-json\/wp\/v2\/pages\/4\/revisions"}],"predecessor-version":[{"id":3445,"href":"https:\/\/twistedpearlensemble.com\/en\/wp-json\/wp\/v2\/pages\/4\/revisions\/3445"}],"wp:featuredmedia":[{"embeddable":true,"href":"https:\/\/twistedpearlensemble.com\/en\/wp-json\/wp\/v2\/media\/1030"}],"wp:attachment":[{"href":"https:\/\/twistedpearlensemble.com\/en\/wp-json\/wp\/v2\/media?parent=4"}],"curies":[{"name":"wp","href":"https:\/\/api.w.org\/{rel}","templated":true}]}}