{"id":2891,"date":"2026-02-11T09:52:18","date_gmt":"2026-02-11T14:52:18","guid":{"rendered":"https:\/\/twistedpearlensemble.com\/?page_id=2891"},"modified":"2026-03-12T18:44:15","modified_gmt":"2026-03-12T22:44:15","slug":"concours-international-de-composition-historiquement-informe-cichi","status":"publish","type":"page","link":"https:\/\/twistedpearlensemble.com\/en\/concours-international-de-composition-historiquement-informe-cichi\/","title":{"rendered":"Concours International de Composition Historiquement Inform\u00e9e (CICHI)"},"content":{"rendered":"<div class=\"wp-block-cover alignfull is-light has-parallax wp-duotone-rgb1516565-rgb186218244-1\"><div class=\"wp-block-cover__image-background wp-image-2967 size-large has-parallax\" style=\"background-position:50% 50%;background-image:url(https:\/\/twistedpearlensemble.com\/wp-content\/uploads\/2026\/02\/img_1669-1024x705.jpg)\"><\/div><span aria-hidden=\"true\" class=\"wp-block-cover__background has-cyan-bluish-gray-background-color has-background-dim-60 has-background-dim\"><\/span><div class=\"wp-block-cover__inner-container is-layout-flow wp-block-cover-is-layout-flow\">\n<p class=\"wp-block-paragraph\"><\/p>\n\n\n\n<h2 class=\"wp-block-heading has-text-align-center has-background-color has-text-color has-link-color wp-elements-7221ce3cd73c38bd81b0d3c36fbb62e9\" style=\"font-size:clamp(33.419px, 2.089rem + ((1vw - 3.2px) * 3.909), 60px);\"><strong>concours international de composition historiquement inform\u00e9E (cichi)<\/strong><\/h2>\n\n\n\n<p class=\"wp-block-paragraph\"><\/p>\n<\/div><\/div>\n\n\n\n<blockquote class=\"wp-block-quote alignwide is-layout-flow wp-block-quote-is-layout-flow\">\n<p class=\"has-tertiary-color has-text-color has-link-color has-raleway-font-family wp-elements-04569afd645a0558e10cb67f73a26d69 wp-block-paragraph\"><strong>the goal of this competition is to encourage composers to explore and synthesize historical musical styles in a way that demonstrates fluency in them while creating a space for the composer to express their originality through their unique perspective on historical music.&nbsp;<\/strong><\/p>\n<\/blockquote>\n\n\n\n<p class=\"alignwide wp-block-paragraph\">twisted pearl is proud to introduce a new opportunity to musicians of any background by hosting its first annual online international competition for historically informed composition (ICHIC), which is connected to our finale concert, <strong><a href=\"https:\/\/twistedpearlensemble.com\/en\/terminus-montreal-2\/\">terminus montr\u00e9al<\/a><\/strong>(23 and 24 october, 2026). for this competition, singular in the world, the most outstanding instrumental piece will be selected from a pool of anonymous submissions by a panel of three judges who are experts in relevant fields within early music and composition.&nbsp;<\/p>\n\n\n\n<p class=\"alignwide wp-block-paragraph\">the winner will be entitled to a <strong>cash prize of $1000*<\/strong> (canadian dollars), <strong>two performances<\/strong> of their submission in twisted pearl\u2019s terminus montr\u00e9al program, and a <strong>professional recording<\/strong> of one of the live performances, as well as a special interview and feature on twisted pearl\u2019s social media and website. all submissions will be considered for future twisted pearl programs.<\/p>\n\n\n\n<h2 class=\"wp-block-heading has-text-align-center has-tertiary-color has-text-color has-link-color has-medium-font-size wp-elements-3586ac876a69a95a66c1c165a7dbc9b2\"><span style=\"text-decoration: underline;\"><strong>JUDGES<\/strong> &#8211; 2026<\/span><\/h2>\n\n\n\n<p class=\"has-text-align-center has-tertiary-color has-text-color has-link-color wp-elements-511d519a02e9b43112f5dabfff40f67c wp-block-paragraph\"><strong><a href=\"https:\/\/www.laurandriani.com\/\" data-type=\"link\" data-id=\"https:\/\/www.laurandriani.com\/\">laura andriani<\/a><\/strong> \u2503 violinist (italy)<\/p>\n\n\n\n<p class=\"has-text-align-center has-tertiary-color has-text-color has-link-color wp-elements-8123ca5d7742ba6bc2dc13fd35db638d wp-block-paragraph\"><strong><a href=\"https:\/\/www.nicolacanzano.com\/\">nicola canzano<\/a><\/strong> \u2503 harpsichordist, composer (united states)<\/p>\n\n\n\n<p class=\"has-text-align-center has-tertiary-color has-text-color has-link-color wp-elements-b1aac331909beb74f309b7964bd06127 wp-block-paragraph\"><strong><a href=\"http:\/\/www.elinorfrey.com\/\" data-type=\"link\" data-id=\"http:\/\/www.elinorfrey.com\/\">elinor frey<\/a><\/strong> \u2503 cellist, composer (canada)<\/p>\n\n\n\n<p class=\"alignwide wp-block-paragraph\">this competition is open to people of any nationality or gender, ages 18-35. there is a $25 application fee to be collected with every application, submitted online through this page. because we\u2019re committed to giving opportunities to composers from diverse backgrounds, all submissions will remain strictly anonymous to the judges.&nbsp;<\/p>\n\n\n\n<h2 class=\"wp-block-heading alignwide has-tertiary-color has-text-color has-link-color has-medium-font-size wp-elements-2b89442e11571234981df8865926fcd6\"><strong>OBJECTIVE<\/strong><\/h2>\n\n\n\n<p class=\"alignwide wp-block-paragraph\">the goal of our competition is to empower composers who write music in historically informed styles and to demonstrate the legitimacy of this discipline within the broader composition community. rather than encouraging strict \u201cstyle copies,\u201d we want composers to explore and synthesize historical musical styles in a way that demonstrates fluency in them while creating a space for the composer to express their originality through their unique perspective on historical music.&nbsp;<br><\/p>\n\n\n\n<h2 class=\"wp-block-heading has-text-align-center alignwide has-tertiary-color has-text-color has-link-color has-medium-font-size wp-elements-107a020cbdb89eaa645a8294c624fbe6\"><strong>APPLICATIONS: <\/strong>15 JUNE \u2014 15 AUGUST, 2026<\/h2>\n\n\n\n<p class=\"has-text-align-center alignfull wp-block-paragraph\">(we will announce the winner at the end of september, 2026)<\/p>\n\n\n\n<h2 class=\"wp-block-heading has-text-align-center alignwide has-tertiary-color has-text-color has-link-color has-medium-font-size wp-elements-29fc8ef208806b61ee62f04676bdf260\"><strong>GUIDELINES<\/strong><\/h2>\n\n\n\n<blockquote class=\"wp-block-quote alignwide is-layout-flow wp-block-quote-is-layout-flow\" style=\"border-width:9px;border-top-left-radius:0px;border-top-right-radius:0px;border-bottom-left-radius:0px;border-bottom-right-radius:0px;margin-right:0;margin-left:0;padding-top:0;padding-bottom:0\">\n<ul style=\"padding-top:var(--wp--preset--spacing--50);padding-right:var(--wp--preset--spacing--40);padding-bottom:var(--wp--preset--spacing--50);padding-left:var(--wp--preset--spacing--40)\" class=\"wp-block-list\">\n<li style=\"margin-right:var(--wp--preset--spacing--30);margin-left:var(--wp--preset--spacing--30)\">your piece should be, broadly speaking, in a musical style or combination of musical styles that flourished in the baroque or classical periods (i.e. \u201crhetorical period\u201d) of western music.<\/li>\n\n\n\n<li style=\"margin-right:var(--wp--preset--spacing--30);margin-left:var(--wp--preset--spacing--30)\">your piece should be approximately <strong>6-10 minutes long<\/strong>;<\/li>\n\n\n\n<li style=\"margin-right:var(--wp--preset--spacing--30);margin-left:var(--wp--preset--spacing--30)\">your piece should have at least <strong>two movements<\/strong>;<\/li>\n\n\n\n<li style=\"margin-right:var(--wp--preset--spacing--30);margin-left:var(--wp--preset--spacing--30)\">your piece should be for <strong>3-6 instruments<\/strong>, chosen from the following:\n<ul class=\"wp-block-list\">\n<li>1-2 violins<\/li>\n\n\n\n<li>1 viola<\/li>\n\n\n\n<li>1 cello<\/li>\n\n\n\n<li>1 flute<\/li>\n\n\n\n<li>1 continuo (with figured bass)<\/li>\n<\/ul>\n<\/li>\n\n\n\n<li style=\"margin-right:var(--wp--preset--spacing--30);margin-left:var(--wp--preset--spacing--30)\">the degree of notational complexity should be suited to the stylistic world the piece occupies.<\/li>\n\n\n\n<li style=\"margin-right:var(--wp--preset--spacing--30);margin-left:var(--wp--preset--spacing--30)\">the judges will evaluate your piece on:\n<ul class=\"wp-block-list\">\n<li>its stylistic coherence and fluency<\/li>\n\n\n\n<li>the originality and inventiveness it demonstrates<\/li>\n\n\n\n<li>its balance and intentionality of form<\/li>\n\n\n\n<li>its use of melody<\/li>\n\n\n\n<li>its use of harmony and counterpoint<\/li>\n\n\n\n<li>the extent to which it is idiomatic (well-suited) for the chosen instruments&nbsp;<\/li>\n<\/ul>\n<\/li>\n<\/ul>\n<\/blockquote>\n\n\n\n<h2 class=\"wp-block-heading has-text-align-center alignwide has-tertiary-color has-text-color has-link-color has-medium-font-size wp-elements-67008189d0ed5737ae3f2119390aaff0\"><strong>RULES<\/strong><\/h2>\n\n\n\n<blockquote class=\"wp-block-quote alignwide is-layout-flow wp-block-quote-is-layout-flow\" style=\"border-width:9px\">\n<ul style=\"padding-top:var(--wp--preset--spacing--50);padding-right:var(--wp--preset--spacing--50);padding-bottom:var(--wp--preset--spacing--50);padding-left:var(--wp--preset--spacing--50)\" class=\"wp-block-list\">\n<li style=\"padding-top:0;padding-right:var(--wp--preset--spacing--30);padding-bottom:0;padding-left:var(--wp--preset--spacing--30)\">a composer who has written a piece that has been featured on a twisted pearl program is not eligible to apply.<\/li>\n\n\n\n<li style=\"padding-top:0;padding-right:var(--wp--preset--spacing--30);padding-bottom:0;padding-left:var(--wp--preset--spacing--30)\">you must be between 18 and 35 at the time of submitting your application<strong>\u2022<\/strong>(if you are the winner, we will request an image of a government-issued ID to confirm your age and identity).<\/li>\n\n\n\n<li style=\"padding-top:0;padding-right:var(--wp--preset--spacing--30);padding-bottom:0;padding-left:var(--wp--preset--spacing--30)\">you may only include one composition in your application.<\/li>\n\n\n\n<li style=\"padding-top:0;padding-right:var(--wp--preset--spacing--30);padding-bottom:0;padding-left:var(--wp--preset--spacing--30)\">the piece <strong>must be original<\/strong> (by the composer who submits it).<\/li>\n\n\n\n<li style=\"padding-top:0;padding-right:var(--wp--preset--spacing--30);padding-bottom:0;padding-left:var(--wp--preset--spacing--30)\">the piece does not need to be new, as long as it adheres to the other rules and guidelines, though we encourage you to write something new!<\/li>\n\n\n\n<li style=\"padding-top:0;padding-right:var(--wp--preset--spacing--30);padding-bottom:0;padding-left:var(--wp--preset--spacing--30)\">the application must inlude <strong>both a full score and a MIDI file<\/strong> of the piece<\/li>\n\n\n\n<li style=\"padding-top:0;padding-right:var(--wp--preset--spacing--30);padding-bottom:0;padding-left:var(--wp--preset--spacing--30)\">any score that explicitly reveals the identity of the applicant will be disqualified.<\/li>\n\n\n\n<li style=\"padding-top:0;padding-right:var(--wp--preset--spacing--30);padding-bottom:0;padding-left:var(--wp--preset--spacing--30)\">any applicant who (before the winner is announced) reveals their identity to the judges in a way that connects the applicant to their submission will be disqualified.<\/li>\n\n\n\n<li style=\"padding-top:0;padding-right:var(--wp--preset--spacing--30);padding-bottom:0;padding-left:var(--wp--preset--spacing--30)\">the piece must not be performed publicly or released to the public in a recording before <em>terminus montr\u00e9al<\/em> (i.e. twisted pearl must premiere the piece).<\/li>\n<\/ul>\n<\/blockquote>\n\n\n\n<div class=\"wp-block-buttons alignwide is-content-justification-center is-layout-flex wp-container-core-buttons-is-layout-77b97fe5 wp-block-buttons-is-layout-flex\">\n<div class=\"wp-block-button has-custom-width wp-block-button__width-100\"><a class=\"wp-block-button__link has-text-align-center has-medium-font-size has-custom-font-size wp-element-button\" href=\"https:\/\/twistedpearlensemble.com\/en\/applications-not-yet-open\/\"><strong>APPLY NOW<\/strong><\/a><\/div>\n<\/div>\n\n\n\n<p class=\"alignwide has-tiny-font-size wp-block-paragraph\">*due to canadian sanctions, <strong>we cannot award the prize money to a winner from the following countries unless the winner is physically present at the premiere of their piece:<\/strong> belarus, central african republic, china, democratic people\u2019s republic of korea (north korea), democratic republic of the congo, guatemala, haiti, iran, iraq, lebanon, libya, moldova, myanmar, nicaragua, russia, somalia, south sudan, sri lanka, sudan, syria, ukraine, venezuela, yemen, or zimbabwe. <strong>in the case that the winner is from one of these countries, the winner will still be entitled to two performances of their submission<\/strong> in twisted pearl\u2019s terminus montr\u00e9al program, <em>terminus montr\u00e9al<\/em> a <strong>professional recording<\/strong> of one of the live performances, and a special interview and feature on twisted pearl\u2019s social media and website, logistics permitting.&nbsp;<br><br><\/p>\n\n\n\n<p class=\"wp-block-paragraph\"><\/p>","protected":false},"excerpt":{"rendered":"<p>l\u2019objectif de ce concours est d\u2019encourager les compositeurs \u00e0 explorer et \u00e0 retravailler des styles musicaux historiques. ceux-ci devront d\u00e9montrer une habilet\u00e9 \u00e0 manier les langages musicaux historiques tout en exprimant leur cr\u00e9ativit\u00e9, refl\u00e9t\u00e9e au travers de leur vision de la musique ancienne.&nbsp; l\u2019ensemble twisted pearl est fier d\u2019annoncer la premi\u00e8re \u00e9dition du concours international [&hellip;]<\/p>\n","protected":false},"author":225458699,"featured_media":3033,"parent":0,"menu_order":0,"comment_status":"closed","ping_status":"closed","template":"","meta":{"_seopress_robots_primary_cat":"","_seopress_titles_title":"","_seopress_titles_desc":"","_seopress_robots_index":"","_crdt_document":"","footnotes":""},"class_list":["post-2891","page","type-page","status-publish","has-post-thumbnail","hentry"],"jetpack_likes_enabled":true,"jetpack_sharing_enabled":true,"jetpack_shortlink":"https:\/\/wp.me\/Pedx6P-KD","jetpack-related-posts":[],"_links":{"self":[{"href":"https:\/\/twistedpearlensemble.com\/en\/wp-json\/wp\/v2\/pages\/2891","targetHints":{"allow":["GET"]}}],"collection":[{"href":"https:\/\/twistedpearlensemble.com\/en\/wp-json\/wp\/v2\/pages"}],"about":[{"href":"https:\/\/twistedpearlensemble.com\/en\/wp-json\/wp\/v2\/types\/page"}],"author":[{"embeddable":true,"href":"https:\/\/twistedpearlensemble.com\/en\/wp-json\/wp\/v2\/users\/225458699"}],"replies":[{"embeddable":true,"href":"https:\/\/twistedpearlensemble.com\/en\/wp-json\/wp\/v2\/comments?post=2891"}],"version-history":[{"count":26,"href":"https:\/\/twistedpearlensemble.com\/en\/wp-json\/wp\/v2\/pages\/2891\/revisions"}],"predecessor-version":[{"id":3276,"href":"https:\/\/twistedpearlensemble.com\/en\/wp-json\/wp\/v2\/pages\/2891\/revisions\/3276"}],"wp:featuredmedia":[{"embeddable":true,"href":"https:\/\/twistedpearlensemble.com\/en\/wp-json\/wp\/v2\/media\/3033"}],"wp:attachment":[{"href":"https:\/\/twistedpearlensemble.com\/en\/wp-json\/wp\/v2\/media?parent=2891"}],"curies":[{"name":"wp","href":"https:\/\/api.w.org\/{rel}","templated":true}]}}